{"id":2607,"date":"2021-09-09T14:11:14","date_gmt":"2021-09-09T12:11:14","guid":{"rendered":"https:\/\/www.pavolbednarik.sk\/?page_id=2607"},"modified":"2021-09-09T14:19:00","modified_gmt":"2021-09-09T12:19:00","slug":"fotobudka","status":"publish","type":"page","link":"https:\/\/www.pavolbednarik.sk\/?page_id=2607","title":{"rendered":"FOTOB\u00daDKA"},"content":{"rendered":"\n<div class=\"wp-block-media-text alignwide is-stacked-on-mobile\"><figure class=\"wp-block-media-text__media\"><a href=\"http:\/\/fotobuda.sk\/fotobudka\/\" target=\"_blank\" rel=\"noopener\"><img loading=\"lazy\" decoding=\"async\" width=\"373\" height=\"560\" src=\"https:\/\/www.pavolbednarik.sk\/wp-content\/uploads\/2021\/09\/Foto-JV-373x560-1.png\" alt=\"\" class=\"wp-image-2613 size-full\" srcset=\"https:\/\/www.pavolbednarik.sk\/wp-content\/uploads\/2021\/09\/Foto-JV-373x560-1.png 373w, https:\/\/www.pavolbednarik.sk\/wp-content\/uploads\/2021\/09\/Foto-JV-373x560-1-200x300.png 200w\" sizes=\"auto, (max-width: 373px) 100vw, 373px\" \/><\/a><\/figure><div class=\"wp-block-media-text__content\">\n<p>Selfie Fotob\u00fada na ka\u017ed\u00fd event, svadbu, akciu.<\/p>\n<\/div><\/div>\n\n\n\n<p><\/p>\n","protected":false},"excerpt":{"rendered":"<p>Selfie Fotob\u00fada na ka\u017ed\u00fd event, svadbu, akciu.<\/p>\n","protected":false},"author":1,"featured_media":0,"parent":0,"menu_order":0,"comment_status":"closed","ping_status":"closed","template":"","meta":{"footnotes":""},"class_list":["post-2607","page","type-page","status-publish","hentry"],"_links":{"self":[{"href":"https:\/\/www.pavolbednarik.sk\/index.php?rest_route=\/wp\/v2\/pages\/2607","targetHints":{"allow":["GET"]}}],"collection":[{"href":"https:\/\/www.pavolbednarik.sk\/index.php?rest_route=\/wp\/v2\/pages"}],"about":[{"href":"https:\/\/www.pavolbednarik.sk\/index.php?rest_route=\/wp\/v2\/types\/page"}],"author":[{"embeddable":true,"href":"https:\/\/www.pavolbednarik.sk\/index.php?rest_route=\/wp\/v2\/users\/1"}],"replies":[{"embeddable":true,"href":"https:\/\/www.pavolbednarik.sk\/index.php?rest_route=%2Fwp%2Fv2%2Fcomments&post=2607"}],"version-history":[{"count":2,"href":"https:\/\/www.pavolbednarik.sk\/index.php?rest_route=\/wp\/v2\/pages\/2607\/revisions"}],"predecessor-version":[{"id":2614,"href":"https:\/\/www.pavolbednarik.sk\/index.php?rest_route=\/wp\/v2\/pages\/2607\/revisions\/2614"}],"wp:attachment":[{"href":"https:\/\/www.pavolbednarik.sk\/index.php?rest_route=%2Fwp%2Fv2%2Fmedia&parent=2607"}],"curies":[{"name":"wp","href":"https:\/\/api.w.org\/{rel}","templated":true}]}}