{"id":131,"date":"2019-12-04T10:43:30","date_gmt":"2019-12-04T09:43:30","guid":{"rendered":"https:\/\/www.pavolbednarik.sk\/?page_id=131"},"modified":"2023-05-26T08:14:35","modified_gmt":"2023-05-26T06:14:35","slug":"reportaze","status":"publish","type":"page","link":"https:\/\/www.pavolbednarik.sk\/?page_id=131","title":{"rendered":"REPORT\u00c1\u017dE"},"content":{"rendered":"\n<figure class=\"wp-block-gallery has-nested-images columns-default is-cropped wp-block-gallery-1 is-layout-flex wp-block-gallery-is-layout-flex\">\n<figure class=\"wp-block-image size-large\"><img loading=\"lazy\" decoding=\"async\" width=\"1024\" height=\"684\" data-id=\"3572\" src=\"https:\/\/www.pavolbednarik.sk\/wp-content\/uploads\/2023\/05\/DSC_0165-1024x684.jpg\" alt=\"\" class=\"wp-image-3572\" srcset=\"https:\/\/www.pavolbednarik.sk\/wp-content\/uploads\/2023\/05\/DSC_0165-1024x684.jpg 1024w, https:\/\/www.pavolbednarik.sk\/wp-content\/uploads\/2023\/05\/DSC_0165-300x200.jpg 300w, https:\/\/www.pavolbednarik.sk\/wp-content\/uploads\/2023\/05\/DSC_0165-768x513.jpg 768w, https:\/\/www.pavolbednarik.sk\/wp-content\/uploads\/2023\/05\/DSC_0165-1536x1025.jpg 1536w, https:\/\/www.pavolbednarik.sk\/wp-content\/uploads\/2023\/05\/DSC_0165-2048x1367.jpg 2048w, https:\/\/www.pavolbednarik.sk\/wp-content\/uploads\/2023\/05\/DSC_0165-600x401.jpg 600w\" sizes=\"auto, (max-width: 1024px) 100vw, 1024px\" \/><\/figure>\n\n\n\n<figure class=\"wp-block-image size-large\"><img loading=\"lazy\" decoding=\"async\" width=\"684\" height=\"1024\" data-id=\"3570\" src=\"https:\/\/www.pavolbednarik.sk\/wp-content\/uploads\/2023\/05\/DSC_0175-684x1024.jpg\" alt=\"\" class=\"wp-image-3570\" srcset=\"https:\/\/www.pavolbednarik.sk\/wp-content\/uploads\/2023\/05\/DSC_0175-684x1024.jpg 684w, https:\/\/www.pavolbednarik.sk\/wp-content\/uploads\/2023\/05\/DSC_0175-200x300.jpg 200w, https:\/\/www.pavolbednarik.sk\/wp-content\/uploads\/2023\/05\/DSC_0175-768x1150.jpg 768w, https:\/\/www.pavolbednarik.sk\/wp-content\/uploads\/2023\/05\/DSC_0175-1025x1536.jpg 1025w, https:\/\/www.pavolbednarik.sk\/wp-content\/uploads\/2023\/05\/DSC_0175-1367x2048.jpg 1367w, https:\/\/www.pavolbednarik.sk\/wp-content\/uploads\/2023\/05\/DSC_0175-600x899.jpg 600w, https:\/\/www.pavolbednarik.sk\/wp-content\/uploads\/2023\/05\/DSC_0175-scaled.jpg 1709w\" sizes=\"auto, (max-width: 684px) 100vw, 684px\" \/><\/figure>\n\n\n\n<figure class=\"wp-block-image size-large\"><img loading=\"lazy\" decoding=\"async\" width=\"1024\" height=\"683\" data-id=\"3571\" src=\"https:\/\/www.pavolbednarik.sk\/wp-content\/uploads\/2023\/05\/DSC_0188-1024x683.jpg\" alt=\"\" class=\"wp-image-3571\" srcset=\"https:\/\/www.pavolbednarik.sk\/wp-content\/uploads\/2023\/05\/DSC_0188-1024x683.jpg 1024w, https:\/\/www.pavolbednarik.sk\/wp-content\/uploads\/2023\/05\/DSC_0188-300x200.jpg 300w, https:\/\/www.pavolbednarik.sk\/wp-content\/uploads\/2023\/05\/DSC_0188-768x513.jpg 768w, https:\/\/www.pavolbednarik.sk\/wp-content\/uploads\/2023\/05\/DSC_0188-1536x1025.jpg 1536w, https:\/\/www.pavolbednarik.sk\/wp-content\/uploads\/2023\/05\/DSC_0188-2048x1367.jpg 2048w, https:\/\/www.pavolbednarik.sk\/wp-content\/uploads\/2023\/05\/DSC_0188-600x400.jpg 600w\" sizes=\"auto, (max-width: 1024px) 100vw, 1024px\" \/><\/figure>\n\n\n\n<figure class=\"wp-block-image size-large\"><img loading=\"lazy\" decoding=\"async\" width=\"1024\" height=\"684\" data-id=\"3569\" src=\"https:\/\/www.pavolbednarik.sk\/wp-content\/uploads\/2023\/05\/DSC_0223-1024x684.jpg\" alt=\"\" class=\"wp-image-3569\" srcset=\"https:\/\/www.pavolbednarik.sk\/wp-content\/uploads\/2023\/05\/DSC_0223-1024x684.jpg 1024w, https:\/\/www.pavolbednarik.sk\/wp-content\/uploads\/2023\/05\/DSC_0223-300x200.jpg 300w, https:\/\/www.pavolbednarik.sk\/wp-content\/uploads\/2023\/05\/DSC_0223-768x513.jpg 768w, https:\/\/www.pavolbednarik.sk\/wp-content\/uploads\/2023\/05\/DSC_0223-1536x1025.jpg 1536w, https:\/\/www.pavolbednarik.sk\/wp-content\/uploads\/2023\/05\/DSC_0223-2048x1367.jpg 2048w, https:\/\/www.pavolbednarik.sk\/wp-content\/uploads\/2023\/05\/DSC_0223-600x401.jpg 600w\" sizes=\"auto, (max-width: 1024px) 100vw, 1024px\" \/><\/figure>\n\n\n\n<figure class=\"wp-block-image size-large\"><img loading=\"lazy\" decoding=\"async\" width=\"1024\" height=\"683\" data-id=\"3568\" src=\"https:\/\/www.pavolbednarik.sk\/wp-content\/uploads\/2023\/05\/DSC_0227-1024x683.jpg\" alt=\"\" class=\"wp-image-3568\" srcset=\"https:\/\/www.pavolbednarik.sk\/wp-content\/uploads\/2023\/05\/DSC_0227-1024x683.jpg 1024w, https:\/\/www.pavolbednarik.sk\/wp-content\/uploads\/2023\/05\/DSC_0227-300x200.jpg 300w, https:\/\/www.pavolbednarik.sk\/wp-content\/uploads\/2023\/05\/DSC_0227-768x513.jpg 768w, https:\/\/www.pavolbednarik.sk\/wp-content\/uploads\/2023\/05\/DSC_0227-1536x1025.jpg 1536w, https:\/\/www.pavolbednarik.sk\/wp-content\/uploads\/2023\/05\/DSC_0227-2048x1367.jpg 2048w, https:\/\/www.pavolbednarik.sk\/wp-content\/uploads\/2023\/05\/DSC_0227-600x400.jpg 600w\" sizes=\"auto, (max-width: 1024px) 100vw, 1024px\" \/><\/figure>\n<\/figure>\n\n\n\n<div class=\"wp-block-media-text has-media-on-the-right\" style=\"grid-template-columns:auto 22%\"><figure class=\"wp-block-media-text__media\"><a href=\"https:\/\/www.pavolbednarik.sk\/tanecne-sutaze\/\"><img loading=\"lazy\" decoding=\"async\" width=\"683\" height=\"1024\" src=\"https:\/\/www.pavolbednarik.sk\/wp-content\/uploads\/2019\/12\/58711591_436158633808978_7748654213583863808_o_436158630475645-683x1024.jpg\" alt=\"\" class=\"wp-image-553\" srcset=\"https:\/\/www.pavolbednarik.sk\/wp-content\/uploads\/2019\/12\/58711591_436158633808978_7748654213583863808_o_436158630475645-683x1024.jpg 683w, https:\/\/www.pavolbednarik.sk\/wp-content\/uploads\/2019\/12\/58711591_436158633808978_7748654213583863808_o_436158630475645-200x300.jpg 200w, https:\/\/www.pavolbednarik.sk\/wp-content\/uploads\/2019\/12\/58711591_436158633808978_7748654213583863808_o_436158630475645-768x1151.jpg 768w, https:\/\/www.pavolbednarik.sk\/wp-content\/uploads\/2019\/12\/58711591_436158633808978_7748654213583863808_o_436158630475645.jpg 1001w\" sizes=\"auto, (max-width: 683px) 100vw, 683px\" \/><\/a><\/figure><div class=\"wp-block-media-text__content\">\n\n<h2 class=\"has-text-align-center wp-block-heading\"><a href=\"https:\/\/www.pavolbednarik.sk\/tanecne-sutaze\/\" target=\"_blank\" rel=\"noreferrer noopener\" aria-label=\"Tane\u010dn\u00e9 s\u00fa\u0165a\u017ee (otvor\u00ed sa v novej karte)\">Tane\u010dn\u00e9 s\u00fa\u0165a\u017ee<\/a><\/h2>\n\n\n<p>T\u00fato report\u00e1\u017e fot\u00edm pravidelne  ka\u017ed\u00fd rok. Ide o s\u00fa\u0165a\u017e orient\u00e1lnych tancov, ktor\u00e1 sa kon\u00e1  v Liptovskom Hr\u00e1dku.  Prebieha cel\u00fd de\u0148 a\u017e do neskor\u00e9ho ve\u010dera. Na p\u00f3diu sa striedaj\u00fa stovky s\u00fa\u0165a\u017eiacich v r\u00f4znych kateg\u00f3ri\u00e1ch.<\/p>\n\n<\/div><\/div>\n\n\n\n<div class=\"wp-block-media-text has-media-on-the-right\" style=\"grid-template-columns:auto 22%\"><figure class=\"wp-block-media-text__media\"><a href=\"https:\/\/www.pavolbednarik.sk\/old-timer-rallye-tatry\/\"><img loading=\"lazy\" decoding=\"async\" width=\"1024\" height=\"684\" src=\"https:\/\/www.pavolbednarik.sk\/wp-content\/uploads\/2019\/12\/DSC_9674-1024x684.jpg\" alt=\"\" class=\"wp-image-476\" srcset=\"https:\/\/www.pavolbednarik.sk\/wp-content\/uploads\/2019\/12\/DSC_9674-1024x684.jpg 1024w, https:\/\/www.pavolbednarik.sk\/wp-content\/uploads\/2019\/12\/DSC_9674-300x200.jpg 300w, https:\/\/www.pavolbednarik.sk\/wp-content\/uploads\/2019\/12\/DSC_9674-768x513.jpg 768w, https:\/\/www.pavolbednarik.sk\/wp-content\/uploads\/2019\/12\/DSC_9674-1536x1025.jpg 1536w, https:\/\/www.pavolbednarik.sk\/wp-content\/uploads\/2019\/12\/DSC_9674-2048x1367.jpg 2048w\" sizes=\"auto, (max-width: 1024px) 100vw, 1024px\" \/><\/a><\/figure><div class=\"wp-block-media-text__content\">\n\n<h2 class=\"has-text-align-center wp-block-heading\"><a href=\"https:\/\/www.pavolbednarik.sk\/old-timer-rallye-tatry\/\" target=\"_blank\" rel=\"noreferrer noopener\" aria-label=\"Old Timer Rallye Tatry (otvor\u00ed sa v novej karte)\">Old Timer Rallye Tatry<\/a><\/h2>\n\n\n<p>Od sam\u00e9ho vzniku tejto s\u00fa\u0165a\u017ee v roku 2006, som jej ka\u017edoro\u010dnou s\u00fa\u010das\u0165ou ako fotograf. Tak ako sa profilovala samotn\u00e1 s\u00fa\u0165a\u017e, modernizoval sa aj sp\u00f4sobom fotenia, ktor\u00fd sa roz\u0161\u00edril aj o vide\u00e1 z dronu. S\u00fa\u0165a\u017e sa kon\u00e1 ka\u017ed\u00fd rok v lete a trv\u00e1 4 dni. Pre zauj\u00edmavos\u0165, z tohto fotenia vznikne a\u017e cca 4000 fotografi\u00ed.  <\/p>\n\n<\/div><\/div>\n","protected":false},"excerpt":{"rendered":"<p>Tane\u010dn\u00e9 s\u00fa\u0165a\u017ee T\u00fato report\u00e1\u017e fot\u00edm pravidelne ka\u017ed\u00fd rok. Ide o s\u00fa\u0165a\u017e orient\u00e1lnych tancov, ktor\u00e1 sa kon\u00e1 v Liptovskom Hr\u00e1dku. Prebieha cel\u00fd de\u0148 a\u017e do neskor\u00e9ho ve\u010dera. Na p\u00f3diu sa striedaj\u00fa stovky s\u00fa\u0165a\u017eiacich v r\u00f4znych kateg\u00f3ri\u00e1ch. Old Timer Rallye Tatry Od sam\u00e9ho vzniku tejto s\u00fa\u0165a\u017ee v roku 2006, som jej ka\u017edoro\u010dnou s\u00fa\u010das\u0165ou ako fotograf. Tak ako [&hellip;]<\/p>\n","protected":false},"author":1,"featured_media":0,"parent":0,"menu_order":0,"comment_status":"closed","ping_status":"closed","template":"","meta":{"footnotes":""},"class_list":["post-131","page","type-page","status-publish","hentry"],"_links":{"self":[{"href":"https:\/\/www.pavolbednarik.sk\/index.php?rest_route=\/wp\/v2\/pages\/131","targetHints":{"allow":["GET"]}}],"collection":[{"href":"https:\/\/www.pavolbednarik.sk\/index.php?rest_route=\/wp\/v2\/pages"}],"about":[{"href":"https:\/\/www.pavolbednarik.sk\/index.php?rest_route=\/wp\/v2\/types\/page"}],"author":[{"embeddable":true,"href":"https:\/\/www.pavolbednarik.sk\/index.php?rest_route=\/wp\/v2\/users\/1"}],"replies":[{"embeddable":true,"href":"https:\/\/www.pavolbednarik.sk\/index.php?rest_route=%2Fwp%2Fv2%2Fcomments&post=131"}],"version-history":[{"count":12,"href":"https:\/\/www.pavolbednarik.sk\/index.php?rest_route=\/wp\/v2\/pages\/131\/revisions"}],"predecessor-version":[{"id":3574,"href":"https:\/\/www.pavolbednarik.sk\/index.php?rest_route=\/wp\/v2\/pages\/131\/revisions\/3574"}],"wp:attachment":[{"href":"https:\/\/www.pavolbednarik.sk\/index.php?rest_route=%2Fwp%2Fv2%2Fmedia&parent=131"}],"curies":[{"name":"wp","href":"https:\/\/api.w.org\/{rel}","templated":true}]}}