{"id":1046,"date":"2019-12-07T21:43:35","date_gmt":"2019-12-07T20:43:35","guid":{"rendered":"https:\/\/www.pavolbednarik.sk\/forgot-password\/"},"modified":"2019-12-07T21:43:35","modified_gmt":"2019-12-07T20:43:35","slug":"forgot-password","status":"publish","type":"page","link":"https:\/\/www.pavolbednarik.sk\/?page_id=1046","title":{"rendered":"Forgot Password"},"content":{"rendered":"<div class=\"pmagic\">  \n <div class=\"pm-login-box pm-dbfl pm-border pm-radius5\"> \n   \n \n \n <form id=\"lostpasswordform\" class=\"pmagic-form pm-dbfl pm-bg-lt\" action=\"https:\/\/www.pavolbednarik.sk\/wp-login.php?action=lostpassword\" method=\"post\">\n     <div class=\"pm-login-header pm-dbfl pm-bg pm-border-bt pm-pad10\">Ak ste svoje heslo stratili, m\u00f4\u017eeme v\u00e1m ho pom\u00f4c\u0165 obnovi\u0165. Ak chcete spusti\u0165 proces obnovenia hesla, zadajte svoje pou\u017e\u00edvate\u013esk\u00e9 meno alebo e-mail do po\u013ea ni\u017e\u0161ie a kliknite na tla\u010didlo.<\/div>\n     <input type=\"text\" name=\"user_login\" id=\"user_login\" placeholder=\"Email alebo u\u017e\u00edvate\u013esk\u00e9 meno\">\n         \n            <div class=\"pm-login-box-bottom-container pm-dbfl pm-bg pm-border\">\n                <input type=\"submit\" name=\"submit\" class=\"lostpassword-button\" value=\"Obnovi\u0165 heslo\"\/>\n            <\/div>\n  <\/form>\n  <\/div>\n <\/div>\n\n","protected":false},"excerpt":{"rendered":"","protected":false},"author":1,"featured_media":0,"parent":0,"menu_order":0,"comment_status":"closed","ping_status":"closed","template":"","meta":{"footnotes":""},"class_list":["post-1046","page","type-page","status-publish","hentry"],"_links":{"self":[{"href":"https:\/\/www.pavolbednarik.sk\/index.php?rest_route=\/wp\/v2\/pages\/1046","targetHints":{"allow":["GET"]}}],"collection":[{"href":"https:\/\/www.pavolbednarik.sk\/index.php?rest_route=\/wp\/v2\/pages"}],"about":[{"href":"https:\/\/www.pavolbednarik.sk\/index.php?rest_route=\/wp\/v2\/types\/page"}],"author":[{"embeddable":true,"href":"https:\/\/www.pavolbednarik.sk\/index.php?rest_route=\/wp\/v2\/users\/1"}],"replies":[{"embeddable":true,"href":"https:\/\/www.pavolbednarik.sk\/index.php?rest_route=%2Fwp%2Fv2%2Fcomments&post=1046"}],"version-history":[{"count":0,"href":"https:\/\/www.pavolbednarik.sk\/index.php?rest_route=\/wp\/v2\/pages\/1046\/revisions"}],"wp:attachment":[{"href":"https:\/\/www.pavolbednarik.sk\/index.php?rest_route=%2Fwp%2Fv2%2Fmedia&parent=1046"}],"curies":[{"name":"wp","href":"https:\/\/api.w.org\/{rel}","templated":true}]}}